{"id":1396,"date":"2023-06-24T04:48:18","date_gmt":"2023-06-24T08:48:18","guid":{"rendered":"https:\/\/dee-goo.com\/coaching\/?page_id=1396"},"modified":"2023-07-22T03:36:44","modified_gmt":"2023-07-22T07:36:44","slug":"coaching-academique-pour-etudiants","status":"publish","type":"page","link":"https:\/\/dee-goo.com\/coaching\/types-de-coaching\/coaching-academique-pour-etudiants\/","title":{"rendered":"Coaching acad\u00e9mique pour \u00e9tudiants"},"content":{"rendered":"","protected":false},"excerpt":{"rendered":"<p>Apprenez \u00e0 mieux apprendre, r\u00e9duisez votre stress et retrouvez le plaisir d\u2019\u00e9tudier.<\/p>\n","protected":false},"author":5,"featured_media":968,"parent":911,"menu_order":0,"comment_status":"closed","ping_status":"closed","template":"","meta":{"_acf_changed":false,"footnotes":""},"class_list":["post-1396","page","type-page","status-publish","has-post-thumbnail","hentry"],"acf":[],"_links":{"self":[{"href":"https:\/\/dee-goo.com\/coaching\/wp-json\/wp\/v2\/pages\/1396","targetHints":{"allow":["GET"]}}],"collection":[{"href":"https:\/\/dee-goo.com\/coaching\/wp-json\/wp\/v2\/pages"}],"about":[{"href":"https:\/\/dee-goo.com\/coaching\/wp-json\/wp\/v2\/types\/page"}],"author":[{"embeddable":true,"href":"https:\/\/dee-goo.com\/coaching\/wp-json\/wp\/v2\/users\/5"}],"replies":[{"embeddable":true,"href":"https:\/\/dee-goo.com\/coaching\/wp-json\/wp\/v2\/comments?post=1396"}],"version-history":[{"count":8,"href":"https:\/\/dee-goo.com\/coaching\/wp-json\/wp\/v2\/pages\/1396\/revisions"}],"predecessor-version":[{"id":1591,"href":"https:\/\/dee-goo.com\/coaching\/wp-json\/wp\/v2\/pages\/1396\/revisions\/1591"}],"up":[{"embeddable":true,"href":"https:\/\/dee-goo.com\/coaching\/wp-json\/wp\/v2\/pages\/911"}],"wp:featuredmedia":[{"embeddable":true,"href":"https:\/\/dee-goo.com\/coaching\/wp-json\/wp\/v2\/media\/968"}],"wp:attachment":[{"href":"https:\/\/dee-goo.com\/coaching\/wp-json\/wp\/v2\/media?parent=1396"}],"curies":[{"name":"wp","href":"https:\/\/api.w.org\/{rel}","templated":true}]}}